{"id":603,"date":"2020-09-18T12:10:24","date_gmt":"2020-09-18T10:10:24","guid":{"rendered":"http:\/\/guillaumeretif.bzh\/?page_id=603"},"modified":"2025-01-07T16:31:21","modified_gmt":"2025-01-07T15:31:21","slug":"chateau-deau","status":"publish","type":"page","link":"https:\/\/guillaumeretif.bzh\/index.php\/chateau-deau\/","title":{"rendered":"CH\u00c2TEAU D&rsquo;EAU"},"content":{"rendered":"\t\t<div data-elementor-type=\"wp-page\" data-elementor-id=\"603\" class=\"elementor elementor-603\">\n\t\t\t\t\t\t<section class=\"elementor-section elementor-top-section elementor-element elementor-element-fa24563 elementor-section-stretched elementor-section-boxed elementor-section-height-default elementor-section-height-default\" data-id=\"fa24563\" data-element_type=\"section\" data-e-type=\"section\" data-settings=\"{&quot;stretch_section&quot;:&quot;section-stretched&quot;}\">\n\t\t\t\t\t\t<div class=\"elementor-container elementor-column-gap-default\">\n\t\t\t\t\t<div class=\"elementor-column elementor-col-33 elementor-top-column elementor-element elementor-element-20d7fbe\" data-id=\"20d7fbe\" data-element_type=\"column\" data-e-type=\"column\">\n\t\t\t<div class=\"elementor-widget-wrap elementor-element-populated\">\n\t\t\t\t\t\t<div class=\"elementor-element elementor-element-16fcd8a elementor-widget elementor-widget-text-editor\" data-id=\"16fcd8a\" data-element_type=\"widget\" data-e-type=\"widget\" data-widget_type=\"text-editor.default\">\n\t\t\t\t<div class=\"elementor-widget-container\">\n\t\t\t\t\t\t\t\t\t<p>\u00ab\u00a0Avec l\u2019aide de Guillaume, nous avons pu construire notre projet<br \/>d\u2019Eco-Habitat en respectant nos <strong><span style=\"color: #e44607;\">crit\u00e8res<\/span><\/strong> et notre <strong><span style=\"color: #e44607;\">budget<\/span><\/strong>. La grosse<br \/>diff\u00e9rence avec les constructeurs traditionnels a \u00e9t\u00e9 son \u00e9coute et ses<br \/>conseils sans se focaliser uniquement sur un budget.<br \/>D\u00e8s notre premier rendez-vous, nous avons su que nous aurions travaill\u00e9<br \/>ensemble car Guillaume porte et anime ses projets et sa d\u00e9marche <strong><span style=\"color: #e44607;\">sans<\/span><\/strong><br \/><strong><span style=\"color: #e44607;\">jamais imposer ses id\u00e9es<\/span><\/strong> mais toujours dans l\u2019\u00e9coute. Il nous a fait<br \/>d\u00e9couvrir ce qu\u2019\u00e9tait l\u2019\u00e9co-construction et a su nous conseiller et nous<br \/>orienter gr\u00e2ce \u00e0 un <strong><span style=\"color: #e44607;\">r\u00e9seau solide<\/span><\/strong> et aussi investi que lui dans<br \/>l\u2019approche Eco-Habitat.<br \/>Tr\u00e8s belle rencontre professionnelle et humaine.\u00a0\u00bb<\/p><h6>\u00c9l\u00e9onore &amp; Aur\u00e9lien<\/h6><h5>Le Folgo\u00ebt<\/h5>\t\t\t\t\t\t\t\t<\/div>\n\t\t\t\t<\/div>\n\t\t\t\t\t<\/div>\n\t\t<\/div>\n\t\t\t\t<div class=\"elementor-column elementor-col-33 elementor-top-column elementor-element elementor-element-c971aff\" data-id=\"c971aff\" data-element_type=\"column\" data-e-type=\"column\">\n\t\t\t<div class=\"elementor-widget-wrap elementor-element-populated\">\n\t\t\t\t\t\t<div class=\"elementor-element elementor-element-d93b946 elementor-widget elementor-widget-image\" data-id=\"d93b946\" data-element_type=\"widget\" data-e-type=\"widget\" data-widget_type=\"image.default\">\n\t\t\t\t<div class=\"elementor-widget-container\">\n\t\t\t\t\t\t\t\t\t\t\t\t\t\t\t\t<a href=\"http:\/\/guillaumeretif.bzh\/wp-content\/uploads\/2020\/09\/Conception-G-RETIF-Maison-H-vue-7-scaled.jpg\" data-elementor-open-lightbox=\"yes\" data-elementor-lightbox-title=\"Chateau d&#039;eau conception Guillaume R\u00e9tif 2\" data-e-action-hash=\"#elementor-action%3Aaction%3Dlightbox%26settings%3DeyJpZCI6NjExLCJ1cmwiOiJodHRwczpcL1wvZ3VpbGxhdW1lcmV0aWYuYnpoXC93cC1jb250ZW50XC91cGxvYWRzXC8yMDIwXC8wOVwvQ29uY2VwdGlvbi1HLVJFVElGLU1haXNvbi1ILXZ1ZS03LXNjYWxlZC5qcGcifQ%3D%3D\">\n\t\t\t\t\t\t\t<img fetchpriority=\"high\" decoding=\"async\" width=\"683\" height=\"1024\" src=\"https:\/\/guillaumeretif.bzh\/wp-content\/uploads\/2020\/09\/Conception-G-RETIF-Maison-H-vue-7-683x1024.jpg\" class=\"attachment-large size-large wp-image-611\" alt=\"Chateau d&#039;eau int\u00e9rieur 2\" srcset=\"https:\/\/guillaumeretif.bzh\/wp-content\/uploads\/2020\/09\/Conception-G-RETIF-Maison-H-vue-7-683x1024.jpg 683w, https:\/\/guillaumeretif.bzh\/wp-content\/uploads\/2020\/09\/Conception-G-RETIF-Maison-H-vue-7-200x300.jpg 200w, https:\/\/guillaumeretif.bzh\/wp-content\/uploads\/2020\/09\/Conception-G-RETIF-Maison-H-vue-7-768x1152.jpg 768w, https:\/\/guillaumeretif.bzh\/wp-content\/uploads\/2020\/09\/Conception-G-RETIF-Maison-H-vue-7-1024x1536.jpg 1024w, https:\/\/guillaumeretif.bzh\/wp-content\/uploads\/2020\/09\/Conception-G-RETIF-Maison-H-vue-7-1365x2048.jpg 1365w, https:\/\/guillaumeretif.bzh\/wp-content\/uploads\/2020\/09\/Conception-G-RETIF-Maison-H-vue-7-scaled.jpg 1707w\" sizes=\"(max-width: 683px) 100vw, 683px\" \/>\t\t\t\t\t\t\t\t<\/a>\n\t\t\t\t\t\t\t\t\t\t\t\t\t\t\t<\/div>\n\t\t\t\t<\/div>\n\t\t\t\t\t<\/div>\n\t\t<\/div>\n\t\t\t\t<div class=\"elementor-column elementor-col-33 elementor-top-column elementor-element elementor-element-b681102\" data-id=\"b681102\" data-element_type=\"column\" data-e-type=\"column\">\n\t\t\t<div class=\"elementor-widget-wrap elementor-element-populated\">\n\t\t\t\t\t\t<div class=\"elementor-element elementor-element-aa90392 elementor-widget elementor-widget-image\" data-id=\"aa90392\" data-element_type=\"widget\" data-e-type=\"widget\" data-widget_type=\"image.default\">\n\t\t\t\t<div class=\"elementor-widget-container\">\n\t\t\t\t\t\t\t\t\t\t\t\t\t\t\t\t<a href=\"http:\/\/guillaumeretif.bzh\/wp-content\/uploads\/2020\/09\/Conception-G-RETIF-Maison-H-vue-3-scaled.jpg\" data-elementor-open-lightbox=\"yes\" data-elementor-lightbox-title=\"Chateau d&#039;eau conception Guillaume R\u00e9tif 6\" data-e-action-hash=\"#elementor-action%3Aaction%3Dlightbox%26settings%3DeyJpZCI6NjA3LCJ1cmwiOiJodHRwczpcL1wvZ3VpbGxhdW1lcmV0aWYuYnpoXC93cC1jb250ZW50XC91cGxvYWRzXC8yMDIwXC8wOVwvQ29uY2VwdGlvbi1HLVJFVElGLU1haXNvbi1ILXZ1ZS0zLXNjYWxlZC5qcGcifQ%3D%3D\">\n\t\t\t\t\t\t\t<img decoding=\"async\" width=\"1024\" height=\"683\" src=\"https:\/\/guillaumeretif.bzh\/wp-content\/uploads\/2020\/09\/Conception-G-RETIF-Maison-H-vue-3-1024x683.jpg\" class=\"attachment-large size-large wp-image-607\" alt=\"Chateau d&#039;eau ext\u00e9rieur 2\" srcset=\"https:\/\/guillaumeretif.bzh\/wp-content\/uploads\/2020\/09\/Conception-G-RETIF-Maison-H-vue-3-1024x683.jpg 1024w, https:\/\/guillaumeretif.bzh\/wp-content\/uploads\/2020\/09\/Conception-G-RETIF-Maison-H-vue-3-300x200.jpg 300w, https:\/\/guillaumeretif.bzh\/wp-content\/uploads\/2020\/09\/Conception-G-RETIF-Maison-H-vue-3-768x512.jpg 768w, https:\/\/guillaumeretif.bzh\/wp-content\/uploads\/2020\/09\/Conception-G-RETIF-Maison-H-vue-3-1536x1024.jpg 1536w, https:\/\/guillaumeretif.bzh\/wp-content\/uploads\/2020\/09\/Conception-G-RETIF-Maison-H-vue-3-2048x1365.jpg 2048w\" sizes=\"(max-width: 1024px) 100vw, 1024px\" \/>\t\t\t\t\t\t\t\t<\/a>\n\t\t\t\t\t\t\t\t\t\t\t\t\t\t\t<\/div>\n\t\t\t\t<\/div>\n\t\t\t\t<div class=\"elementor-element elementor-element-4ece531 elementor-widget elementor-widget-image\" data-id=\"4ece531\" data-element_type=\"widget\" data-e-type=\"widget\" data-widget_type=\"image.default\">\n\t\t\t\t<div class=\"elementor-widget-container\">\n\t\t\t\t\t\t\t\t\t\t\t\t\t\t\t\t<a href=\"http:\/\/guillaumeretif.bzh\/wp-content\/uploads\/2020\/09\/Conception-G-RETIF-Maison-H-vue-4-scaled.jpg\" data-elementor-open-lightbox=\"yes\" data-elementor-lightbox-title=\"Chateau d&#039;eau conception Guillaume R\u00e9tif 5\" data-e-action-hash=\"#elementor-action%3Aaction%3Dlightbox%26settings%3DeyJpZCI6NjA4LCJ1cmwiOiJodHRwczpcL1wvZ3VpbGxhdW1lcmV0aWYuYnpoXC93cC1jb250ZW50XC91cGxvYWRzXC8yMDIwXC8wOVwvQ29uY2VwdGlvbi1HLVJFVElGLU1haXNvbi1ILXZ1ZS00LXNjYWxlZC5qcGcifQ%3D%3D\">\n\t\t\t\t\t\t\t<img decoding=\"async\" width=\"1024\" height=\"747\" src=\"https:\/\/guillaumeretif.bzh\/wp-content\/uploads\/2020\/09\/Conception-G-RETIF-Maison-H-vue-4-1024x747.jpg\" class=\"attachment-large size-large wp-image-608\" alt=\"Chateau d&#039;eau ext\u00e9rieur 1\" srcset=\"https:\/\/guillaumeretif.bzh\/wp-content\/uploads\/2020\/09\/Conception-G-RETIF-Maison-H-vue-4-1024x747.jpg 1024w, https:\/\/guillaumeretif.bzh\/wp-content\/uploads\/2020\/09\/Conception-G-RETIF-Maison-H-vue-4-300x219.jpg 300w, https:\/\/guillaumeretif.bzh\/wp-content\/uploads\/2020\/09\/Conception-G-RETIF-Maison-H-vue-4-768x560.jpg 768w, https:\/\/guillaumeretif.bzh\/wp-content\/uploads\/2020\/09\/Conception-G-RETIF-Maison-H-vue-4-1536x1120.jpg 1536w, https:\/\/guillaumeretif.bzh\/wp-content\/uploads\/2020\/09\/Conception-G-RETIF-Maison-H-vue-4-2048x1494.jpg 2048w\" sizes=\"(max-width: 1024px) 100vw, 1024px\" \/>\t\t\t\t\t\t\t\t<\/a>\n\t\t\t\t\t\t\t\t\t\t\t\t\t\t\t<\/div>\n\t\t\t\t<\/div>\n\t\t\t\t\t<\/div>\n\t\t<\/div>\n\t\t\t\t\t<\/div>\n\t\t<\/section>\n\t\t\t\t<section class=\"elementor-section elementor-top-section elementor-element elementor-element-4aff1ba elementor-section-stretched elementor-section-boxed elementor-section-height-default elementor-section-height-default\" data-id=\"4aff1ba\" data-element_type=\"section\" data-e-type=\"section\" data-settings=\"{&quot;stretch_section&quot;:&quot;section-stretched&quot;}\">\n\t\t\t\t\t\t<div class=\"elementor-container elementor-column-gap-default\">\n\t\t\t\t\t<div class=\"elementor-column elementor-col-50 elementor-top-column elementor-element elementor-element-0c77e44\" data-id=\"0c77e44\" data-element_type=\"column\" data-e-type=\"column\">\n\t\t\t<div class=\"elementor-widget-wrap elementor-element-populated\">\n\t\t\t\t\t\t<div class=\"elementor-element elementor-element-ddb396b elementor-widget elementor-widget-image\" data-id=\"ddb396b\" data-element_type=\"widget\" data-e-type=\"widget\" data-widget_type=\"image.default\">\n\t\t\t\t<div class=\"elementor-widget-container\">\n\t\t\t\t\t\t\t\t\t\t\t\t\t\t\t\t<a href=\"http:\/\/guillaumeretif.bzh\/wp-content\/uploads\/2020\/09\/Conception-G-RETIF-Maison-H-vue-6-scaled.jpg\" data-elementor-open-lightbox=\"yes\" data-elementor-lightbox-title=\"Chateau d&#039;eau conception Guillaume R\u00e9tif 3\" data-e-action-hash=\"#elementor-action%3Aaction%3Dlightbox%26settings%3DeyJpZCI6NjEwLCJ1cmwiOiJodHRwczpcL1wvZ3VpbGxhdW1lcmV0aWYuYnpoXC93cC1jb250ZW50XC91cGxvYWRzXC8yMDIwXC8wOVwvQ29uY2VwdGlvbi1HLVJFVElGLU1haXNvbi1ILXZ1ZS02LXNjYWxlZC5qcGcifQ%3D%3D\">\n\t\t\t\t\t\t\t<img loading=\"lazy\" decoding=\"async\" width=\"523\" height=\"1024\" src=\"https:\/\/guillaumeretif.bzh\/wp-content\/uploads\/2020\/09\/Conception-G-RETIF-Maison-H-vue-6-523x1024.jpg\" class=\"attachment-large size-large wp-image-610\" alt=\"Chateau d&#039;eau int\u00e9rieur 3\" srcset=\"https:\/\/guillaumeretif.bzh\/wp-content\/uploads\/2020\/09\/Conception-G-RETIF-Maison-H-vue-6-523x1024.jpg 523w, https:\/\/guillaumeretif.bzh\/wp-content\/uploads\/2020\/09\/Conception-G-RETIF-Maison-H-vue-6-153x300.jpg 153w, https:\/\/guillaumeretif.bzh\/wp-content\/uploads\/2020\/09\/Conception-G-RETIF-Maison-H-vue-6-768x1504.jpg 768w, https:\/\/guillaumeretif.bzh\/wp-content\/uploads\/2020\/09\/Conception-G-RETIF-Maison-H-vue-6-784x1536.jpg 784w, https:\/\/guillaumeretif.bzh\/wp-content\/uploads\/2020\/09\/Conception-G-RETIF-Maison-H-vue-6-1046x2048.jpg 1046w, https:\/\/guillaumeretif.bzh\/wp-content\/uploads\/2020\/09\/Conception-G-RETIF-Maison-H-vue-6-scaled.jpg 1307w\" sizes=\"(max-width: 523px) 100vw, 523px\" \/>\t\t\t\t\t\t\t\t<\/a>\n\t\t\t\t\t\t\t\t\t\t\t\t\t\t\t<\/div>\n\t\t\t\t<\/div>\n\t\t\t\t\t<\/div>\n\t\t<\/div>\n\t\t\t\t<div class=\"elementor-column elementor-col-50 elementor-top-column elementor-element elementor-element-981f543\" data-id=\"981f543\" data-element_type=\"column\" data-e-type=\"column\">\n\t\t\t<div class=\"elementor-widget-wrap elementor-element-populated\">\n\t\t\t\t\t\t<div class=\"elementor-element elementor-element-07f1d59 elementor-widget elementor-widget-image\" data-id=\"07f1d59\" data-element_type=\"widget\" data-e-type=\"widget\" data-widget_type=\"image.default\">\n\t\t\t\t<div class=\"elementor-widget-container\">\n\t\t\t\t\t\t\t\t\t\t\t\t\t\t\t\t<a href=\"http:\/\/guillaumeretif.bzh\/wp-content\/uploads\/2020\/09\/Conception-G-RETIF-Maison-H-vue-1-scaled.jpg\" data-elementor-open-lightbox=\"yes\" data-elementor-lightbox-title=\"Chateau d&#039;eau conception Guillaume R\u00e9tif 8\" data-e-action-hash=\"#elementor-action%3Aaction%3Dlightbox%26settings%3DeyJpZCI6NjA1LCJ1cmwiOiJodHRwczpcL1wvZ3VpbGxhdW1lcmV0aWYuYnpoXC93cC1jb250ZW50XC91cGxvYWRzXC8yMDIwXC8wOVwvQ29uY2VwdGlvbi1HLVJFVElGLU1haXNvbi1ILXZ1ZS0xLXNjYWxlZC5qcGcifQ%3D%3D\">\n\t\t\t\t\t\t\t<img loading=\"lazy\" decoding=\"async\" width=\"1024\" height=\"683\" src=\"https:\/\/guillaumeretif.bzh\/wp-content\/uploads\/2020\/09\/Conception-G-RETIF-Maison-H-vue-1-1024x683.jpg\" class=\"attachment-large size-large wp-image-605\" alt=\"Chateau d&#039;eau ext\u00e9rieur 4\" srcset=\"https:\/\/guillaumeretif.bzh\/wp-content\/uploads\/2020\/09\/Conception-G-RETIF-Maison-H-vue-1-1024x683.jpg 1024w, https:\/\/guillaumeretif.bzh\/wp-content\/uploads\/2020\/09\/Conception-G-RETIF-Maison-H-vue-1-300x200.jpg 300w, https:\/\/guillaumeretif.bzh\/wp-content\/uploads\/2020\/09\/Conception-G-RETIF-Maison-H-vue-1-768x512.jpg 768w, https:\/\/guillaumeretif.bzh\/wp-content\/uploads\/2020\/09\/Conception-G-RETIF-Maison-H-vue-1-1536x1024.jpg 1536w, https:\/\/guillaumeretif.bzh\/wp-content\/uploads\/2020\/09\/Conception-G-RETIF-Maison-H-vue-1-2048x1365.jpg 2048w\" sizes=\"(max-width: 1024px) 100vw, 1024px\" \/>\t\t\t\t\t\t\t\t<\/a>\n\t\t\t\t\t\t\t\t\t\t\t\t\t\t\t<\/div>\n\t\t\t\t<\/div>\n\t\t\t\t<div class=\"elementor-element elementor-element-63f6104 elementor-widget elementor-widget-image\" data-id=\"63f6104\" data-element_type=\"widget\" data-e-type=\"widget\" data-widget_type=\"image.default\">\n\t\t\t\t<div class=\"elementor-widget-container\">\n\t\t\t\t\t\t\t\t\t\t\t\t\t\t\t\t<a href=\"http:\/\/guillaumeretif.bzh\/wp-content\/uploads\/2020\/09\/Conception-G-RETIF-Maison-H-vue-5-scaled.jpg\" data-elementor-open-lightbox=\"yes\" data-elementor-lightbox-title=\"Chateau d&#039;eau conception Guillaume R\u00e9tif 4\" data-e-action-hash=\"#elementor-action%3Aaction%3Dlightbox%26settings%3DeyJpZCI6NjA5LCJ1cmwiOiJodHRwczpcL1wvZ3VpbGxhdW1lcmV0aWYuYnpoXC93cC1jb250ZW50XC91cGxvYWRzXC8yMDIwXC8wOVwvQ29uY2VwdGlvbi1HLVJFVElGLU1haXNvbi1ILXZ1ZS01LXNjYWxlZC5qcGcifQ%3D%3D\">\n\t\t\t\t\t\t\t<img loading=\"lazy\" decoding=\"async\" width=\"1024\" height=\"658\" src=\"https:\/\/guillaumeretif.bzh\/wp-content\/uploads\/2020\/09\/Conception-G-RETIF-Maison-H-vue-5-1024x658.jpg\" class=\"attachment-large size-large wp-image-609\" alt=\"Chateau d&#039;eau int\u00e9rieur 4\" srcset=\"https:\/\/guillaumeretif.bzh\/wp-content\/uploads\/2020\/09\/Conception-G-RETIF-Maison-H-vue-5-1024x658.jpg 1024w, https:\/\/guillaumeretif.bzh\/wp-content\/uploads\/2020\/09\/Conception-G-RETIF-Maison-H-vue-5-300x193.jpg 300w, https:\/\/guillaumeretif.bzh\/wp-content\/uploads\/2020\/09\/Conception-G-RETIF-Maison-H-vue-5-768x494.jpg 768w, https:\/\/guillaumeretif.bzh\/wp-content\/uploads\/2020\/09\/Conception-G-RETIF-Maison-H-vue-5-1536x988.jpg 1536w, https:\/\/guillaumeretif.bzh\/wp-content\/uploads\/2020\/09\/Conception-G-RETIF-Maison-H-vue-5-2048x1317.jpg 2048w\" sizes=\"(max-width: 1024px) 100vw, 1024px\" \/>\t\t\t\t\t\t\t\t<\/a>\n\t\t\t\t\t\t\t\t\t\t\t\t\t\t\t<\/div>\n\t\t\t\t<\/div>\n\t\t\t\t\t<\/div>\n\t\t<\/div>\n\t\t\t\t\t<\/div>\n\t\t<\/section>\n\t\t\t\t<section class=\"elementor-section elementor-top-section elementor-element elementor-element-25bcdc2 elementor-section-stretched elementor-section-boxed elementor-section-height-default elementor-section-height-default\" data-id=\"25bcdc2\" data-element_type=\"section\" data-e-type=\"section\" data-settings=\"{&quot;stretch_section&quot;:&quot;section-stretched&quot;}\">\n\t\t\t\t\t\t<div class=\"elementor-container elementor-column-gap-default\">\n\t\t\t\t\t<div class=\"elementor-column elementor-col-33 elementor-top-column elementor-element elementor-element-7a8acbe\" data-id=\"7a8acbe\" data-element_type=\"column\" data-e-type=\"column\">\n\t\t\t<div class=\"elementor-widget-wrap elementor-element-populated\">\n\t\t\t\t\t\t<div class=\"elementor-element elementor-element-41fe17f elementor-widget elementor-widget-image\" data-id=\"41fe17f\" data-element_type=\"widget\" data-e-type=\"widget\" data-widget_type=\"image.default\">\n\t\t\t\t<div class=\"elementor-widget-container\">\n\t\t\t\t\t\t\t\t\t\t\t\t\t\t\t<img loading=\"lazy\" decoding=\"async\" width=\"1024\" height=\"701\" src=\"https:\/\/guillaumeretif.bzh\/wp-content\/uploads\/2020\/03\/logosguiFINALr\u00e9duit-1-1024x701.jpg\" class=\"attachment-large size-large wp-image-21\" alt=\"Logo Guillaume R\u00e9tif 4\" srcset=\"https:\/\/guillaumeretif.bzh\/wp-content\/uploads\/2020\/03\/logosguiFINALr\u00e9duit-1-1024x701.jpg 1024w, https:\/\/guillaumeretif.bzh\/wp-content\/uploads\/2020\/03\/logosguiFINALr\u00e9duit-1-300x205.jpg 300w, https:\/\/guillaumeretif.bzh\/wp-content\/uploads\/2020\/03\/logosguiFINALr\u00e9duit-1-768x526.jpg 768w, https:\/\/guillaumeretif.bzh\/wp-content\/uploads\/2020\/03\/logosguiFINALr\u00e9duit-1-800x548.jpg 800w, https:\/\/guillaumeretif.bzh\/wp-content\/uploads\/2020\/03\/logosguiFINALr\u00e9duit-1-263x180.jpg 263w, https:\/\/guillaumeretif.bzh\/wp-content\/uploads\/2020\/03\/logosguiFINALr\u00e9duit-1-e1584956717238.jpg 200w\" sizes=\"(max-width: 1024px) 100vw, 1024px\" \/>\t\t\t\t\t\t\t\t\t\t\t\t\t\t\t<\/div>\n\t\t\t\t<\/div>\n\t\t\t\t\t<\/div>\n\t\t<\/div>\n\t\t\t\t<div class=\"elementor-column elementor-col-66 elementor-top-column elementor-element elementor-element-3b903ae\" data-id=\"3b903ae\" data-element_type=\"column\" data-e-type=\"column\">\n\t\t\t<div class=\"elementor-widget-wrap elementor-element-populated\">\n\t\t\t\t\t\t<div class=\"elementor-element elementor-element-f83c0c0 elementor-widget elementor-widget-text-editor\" data-id=\"f83c0c0\" data-element_type=\"widget\" data-e-type=\"widget\" data-widget_type=\"text-editor.default\">\n\t\t\t\t<div class=\"elementor-widget-container\">\n\t\t\t\t\t\t\t\t\t<p>Conception et Plans : Guillaume R\u00c9TIF<\/p><p>Construction : <a href=\"http:\/\/www.acacia-bois.fr\/\" target=\"_blank\" rel=\"noopener\">SCOP L&rsquo;ACACIA, Land\u00e9da<\/a> \/ autoconstruction<\/p>\t\t\t\t\t\t\t\t<\/div>\n\t\t\t\t<\/div>\n\t\t\t\t\t<\/div>\n\t\t<\/div>\n\t\t\t\t\t<\/div>\n\t\t<\/section>\n\t\t\t\t<section class=\"elementor-section elementor-top-section elementor-element elementor-element-933fa7b elementor-section-boxed elementor-section-height-default elementor-section-height-default\" data-id=\"933fa7b\" data-element_type=\"section\" data-e-type=\"section\">\n\t\t\t\t\t\t<div class=\"elementor-container elementor-column-gap-default\">\n\t\t\t\t\t<div class=\"elementor-column elementor-col-100 elementor-top-column elementor-element elementor-element-0bfef4b\" data-id=\"0bfef4b\" data-element_type=\"column\" data-e-type=\"column\">\n\t\t\t<div class=\"elementor-widget-wrap elementor-element-populated\">\n\t\t\t\t\t\t<div class=\"elementor-element elementor-element-7e6b7e7 elementor-widget elementor-widget-spacer\" data-id=\"7e6b7e7\" data-element_type=\"widget\" data-e-type=\"widget\" data-widget_type=\"spacer.default\">\n\t\t\t\t<div class=\"elementor-widget-container\">\n\t\t\t\t\t\t\t<div class=\"elementor-spacer\">\n\t\t\t<div class=\"elementor-spacer-inner\"><\/div>\n\t\t<\/div>\n\t\t\t\t\t\t<\/div>\n\t\t\t\t<\/div>\n\t\t\t\t\t<\/div>\n\t\t<\/div>\n\t\t\t\t\t<\/div>\n\t\t<\/section>\n\t\t\t\t<section class=\"elementor-section elementor-top-section elementor-element elementor-element-d303ff7 elementor-section-boxed elementor-section-height-default elementor-section-height-default\" data-id=\"d303ff7\" data-element_type=\"section\" data-e-type=\"section\">\n\t\t\t\t\t\t<div class=\"elementor-container elementor-column-gap-default\">\n\t\t\t\t\t<div class=\"elementor-column elementor-col-100 elementor-top-column elementor-element elementor-element-14a8006\" data-id=\"14a8006\" data-element_type=\"column\" data-e-type=\"column\">\n\t\t\t<div class=\"elementor-widget-wrap elementor-element-populated\">\n\t\t\t\t\t\t<div class=\"elementor-element elementor-element-3c80b3a elementor-widget-divider--view-line elementor-widget elementor-widget-divider\" data-id=\"3c80b3a\" data-element_type=\"widget\" data-e-type=\"widget\" data-widget_type=\"divider.default\">\n\t\t\t\t<div class=\"elementor-widget-container\">\n\t\t\t\t\t\t\t<div class=\"elementor-divider\">\n\t\t\t<span class=\"elementor-divider-separator\">\n\t\t\t\t\t\t<\/span>\n\t\t<\/div>\n\t\t\t\t\t\t<\/div>\n\t\t\t\t<\/div>\n\t\t\t\t\t<\/div>\n\t\t<\/div>\n\t\t\t\t\t<\/div>\n\t\t<\/section>\n\t\t\t\t<section class=\"elementor-section elementor-top-section elementor-element elementor-element-546ea18 elementor-section-stretched elementor-section-boxed elementor-section-height-default elementor-section-height-default\" data-id=\"546ea18\" data-element_type=\"section\" data-e-type=\"section\" data-settings=\"{&quot;stretch_section&quot;:&quot;section-stretched&quot;}\">\n\t\t\t\t\t\t<div class=\"elementor-container elementor-column-gap-default\">\n\t\t\t\t\t<div class=\"elementor-column elementor-col-50 elementor-top-column elementor-element elementor-element-76cf5a5\" data-id=\"76cf5a5\" data-element_type=\"column\" data-e-type=\"column\">\n\t\t\t<div class=\"elementor-widget-wrap elementor-element-populated\">\n\t\t\t\t\t\t<div class=\"elementor-element elementor-element-dbe10b7 elementor-align-center elementor-widget elementor-widget-button\" data-id=\"dbe10b7\" data-element_type=\"widget\" data-e-type=\"widget\" data-widget_type=\"button.default\">\n\t\t\t\t<div class=\"elementor-widget-container\">\n\t\t\t\t\t\t\t\t\t<div class=\"elementor-button-wrapper\">\n\t\t\t\t\t<a class=\"elementor-button elementor-button-link elementor-size-md\" href=\"http:\/\/guillaumeretif.bzh\/index.php\/realisations\/\">\n\t\t\t\t\t\t<span class=\"elementor-button-content-wrapper\">\n\t\t\t\t\t\t<span class=\"elementor-button-icon\">\n\t\t\t\t<i aria-hidden=\"true\" class=\"fas fa-photo-video\"><\/i>\t\t\t<\/span>\n\t\t\t\t\t\t\t\t\t<span class=\"elementor-button-text\">Autres r\u00e9alisations<\/span>\n\t\t\t\t\t<\/span>\n\t\t\t\t\t<\/a>\n\t\t\t\t<\/div>\n\t\t\t\t\t\t\t\t<\/div>\n\t\t\t\t<\/div>\n\t\t\t\t\t<\/div>\n\t\t<\/div>\n\t\t\t\t<div class=\"elementor-column elementor-col-50 elementor-top-column elementor-element elementor-element-d2a35ea\" data-id=\"d2a35ea\" data-element_type=\"column\" data-e-type=\"column\">\n\t\t\t<div class=\"elementor-widget-wrap elementor-element-populated\">\n\t\t\t\t\t\t<div class=\"elementor-element elementor-element-6b09f88 elementor-align-center elementor-widget elementor-widget-button\" data-id=\"6b09f88\" data-element_type=\"widget\" data-e-type=\"widget\" data-widget_type=\"button.default\">\n\t\t\t\t<div class=\"elementor-widget-container\">\n\t\t\t\t\t\t\t\t\t<div class=\"elementor-button-wrapper\">\n\t\t\t\t\t<a class=\"elementor-button elementor-button-link elementor-size-md\" href=\"https:\/\/guillaumeretif.bzh\/index.php\/maisons\/\">\n\t\t\t\t\t\t<span class=\"elementor-button-content-wrapper\">\n\t\t\t\t\t\t<span class=\"elementor-button-icon\">\n\t\t\t\t<i aria-hidden=\"true\" class=\"fas fa-photo-video\"><\/i>\t\t\t<\/span>\n\t\t\t\t\t\t\t\t\t<span class=\"elementor-button-text\">Autres Maisons<\/span>\n\t\t\t\t\t<\/span>\n\t\t\t\t\t<\/a>\n\t\t\t\t<\/div>\n\t\t\t\t\t\t\t\t<\/div>\n\t\t\t\t<\/div>\n\t\t\t\t\t<\/div>\n\t\t<\/div>\n\t\t\t\t\t<\/div>\n\t\t<\/section>\n\t\t\t\t<\/div>\n\t\t","protected":false},"excerpt":{"rendered":"<p>\u00ab\u00a0Avec l\u2019aide de Guillaume, nous avons pu construire notre projetd\u2019Eco-Habitat en respectant nos crit\u00e8res et&#8230;<\/p>\n<div class=\"more-link-wrapper\"><a class=\"more-link\" href=\"https:\/\/guillaumeretif.bzh\/index.php\/chateau-deau\/\">Read the post<span class=\"screen-reader-text\">CH\u00c2TEAU D&rsquo;EAU<\/span><\/a><\/div>\n","protected":false},"author":1,"featured_media":0,"parent":0,"menu_order":0,"comment_status":"open","ping_status":"closed","template":"","meta":{"_seopress_robots_primary_cat":"","_seopress_titles_title":"","_seopress_titles_desc":"","_seopress_robots_index":"","footnotes":""},"class_list":["post-603","page","type-page","status-publish","hentry","excerpt","zoom","full-without-featured","even","excerpt-0"],"jetpack_sharing_enabled":true,"_links":{"self":[{"href":"https:\/\/guillaumeretif.bzh\/index.php\/wp-json\/wp\/v2\/pages\/603"}],"collection":[{"href":"https:\/\/guillaumeretif.bzh\/index.php\/wp-json\/wp\/v2\/pages"}],"about":[{"href":"https:\/\/guillaumeretif.bzh\/index.php\/wp-json\/wp\/v2\/types\/page"}],"author":[{"embeddable":true,"href":"https:\/\/guillaumeretif.bzh\/index.php\/wp-json\/wp\/v2\/users\/1"}],"replies":[{"embeddable":true,"href":"https:\/\/guillaumeretif.bzh\/index.php\/wp-json\/wp\/v2\/comments?post=603"}],"version-history":[{"count":20,"href":"https:\/\/guillaumeretif.bzh\/index.php\/wp-json\/wp\/v2\/pages\/603\/revisions"}],"predecessor-version":[{"id":1740,"href":"https:\/\/guillaumeretif.bzh\/index.php\/wp-json\/wp\/v2\/pages\/603\/revisions\/1740"}],"wp:attachment":[{"href":"https:\/\/guillaumeretif.bzh\/index.php\/wp-json\/wp\/v2\/media?parent=603"}],"curies":[{"name":"wp","href":"https:\/\/api.w.org\/{rel}","templated":true}]}}