{"id":1945,"date":"2025-02-07T10:22:33","date_gmt":"2025-02-07T09:22:33","guid":{"rendered":"https:\/\/guillaumeretif.bzh\/?page_id=1945"},"modified":"2025-02-07T10:37:13","modified_gmt":"2025-02-07T09:37:13","slug":"la-petite-roche","status":"publish","type":"page","link":"https:\/\/guillaumeretif.bzh\/index.php\/la-petite-roche\/","title":{"rendered":"La Petite Roche"},"content":{"rendered":"\t\t<div data-elementor-type=\"wp-page\" data-elementor-id=\"1945\" class=\"elementor elementor-1945\">\n\t\t\t\t\t\t<section class=\"elementor-section elementor-top-section elementor-element elementor-element-893cbe9 elementor-section-stretched elementor-section-boxed elementor-section-height-default elementor-section-height-default\" data-id=\"893cbe9\" data-element_type=\"section\" data-e-type=\"section\" data-settings=\"{&quot;stretch_section&quot;:&quot;section-stretched&quot;}\">\n\t\t\t\t\t\t<div class=\"elementor-container elementor-column-gap-default\">\n\t\t\t\t\t<div class=\"elementor-column elementor-col-100 elementor-top-column elementor-element elementor-element-79ea535\" data-id=\"79ea535\" data-element_type=\"column\" data-e-type=\"column\">\n\t\t\t<div class=\"elementor-widget-wrap elementor-element-populated\">\n\t\t\t\t\t\t<div class=\"elementor-element elementor-element-6c791fe elementor-widget elementor-widget-image\" data-id=\"6c791fe\" data-element_type=\"widget\" data-e-type=\"widget\" data-widget_type=\"image.default\">\n\t\t\t\t<div class=\"elementor-widget-container\">\n\t\t\t\t\t\t\t\t\t\t\t\t\t\t\t\t<a href=\"https:\/\/guillaumeretif.bzh\/wp-content\/uploads\/2025\/02\/Maison-Lannilis-La-Petite-Roche-1-scaled.jpg\" data-elementor-open-lightbox=\"yes\" data-elementor-lightbox-title=\"Maison Lannilis La Petite Roche 1\" data-e-action-hash=\"#elementor-action%3Aaction%3Dlightbox%26settings%3DeyJpZCI6MTk1MCwidXJsIjoiaHR0cHM6XC9cL2d1aWxsYXVtZXJldGlmLmJ6aFwvd3AtY29udGVudFwvdXBsb2Fkc1wvMjAyNVwvMDJcL01haXNvbi1MYW5uaWxpcy1MYS1QZXRpdGUtUm9jaGUtMS1zY2FsZWQuanBnIn0%3D\">\n\t\t\t\t\t\t\t<img fetchpriority=\"high\" decoding=\"async\" width=\"1024\" height=\"420\" src=\"https:\/\/guillaumeretif.bzh\/wp-content\/uploads\/2025\/02\/Maison-Lannilis-La-Petite-Roche-1-1024x420.jpg\" class=\"attachment-large size-large wp-image-1950\" alt=\"Maison Lannilis La Petite Roche 1 Conception G R\u00e9tif\" srcset=\"https:\/\/guillaumeretif.bzh\/wp-content\/uploads\/2025\/02\/Maison-Lannilis-La-Petite-Roche-1-1024x420.jpg 1024w, https:\/\/guillaumeretif.bzh\/wp-content\/uploads\/2025\/02\/Maison-Lannilis-La-Petite-Roche-1-300x123.jpg 300w, https:\/\/guillaumeretif.bzh\/wp-content\/uploads\/2025\/02\/Maison-Lannilis-La-Petite-Roche-1-768x315.jpg 768w, https:\/\/guillaumeretif.bzh\/wp-content\/uploads\/2025\/02\/Maison-Lannilis-La-Petite-Roche-1-1536x630.jpg 1536w, https:\/\/guillaumeretif.bzh\/wp-content\/uploads\/2025\/02\/Maison-Lannilis-La-Petite-Roche-1-2048x840.jpg 2048w\" sizes=\"(max-width: 1024px) 100vw, 1024px\" \/>\t\t\t\t\t\t\t\t<\/a>\n\t\t\t\t\t\t\t\t\t\t\t\t\t\t\t<\/div>\n\t\t\t\t<\/div>\n\t\t\t\t\t<\/div>\n\t\t<\/div>\n\t\t\t\t\t<\/div>\n\t\t<\/section>\n\t\t\t\t<section class=\"elementor-section elementor-top-section elementor-element elementor-element-7b4c04c elementor-section-stretched elementor-section-boxed elementor-section-height-default elementor-section-height-default\" data-id=\"7b4c04c\" data-element_type=\"section\" data-e-type=\"section\" data-settings=\"{&quot;stretch_section&quot;:&quot;section-stretched&quot;}\">\n\t\t\t\t\t\t<div class=\"elementor-container elementor-column-gap-default\">\n\t\t\t\t\t<div class=\"elementor-column elementor-col-50 elementor-top-column elementor-element elementor-element-4925996\" data-id=\"4925996\" data-element_type=\"column\" data-e-type=\"column\">\n\t\t\t<div class=\"elementor-widget-wrap elementor-element-populated\">\n\t\t\t\t\t\t<div class=\"elementor-element elementor-element-44829be elementor-widget elementor-widget-image\" data-id=\"44829be\" data-element_type=\"widget\" data-e-type=\"widget\" data-widget_type=\"image.default\">\n\t\t\t\t<div class=\"elementor-widget-container\">\n\t\t\t\t\t\t\t\t\t\t\t\t\t\t\t<img decoding=\"async\" width=\"565\" height=\"1024\" src=\"https:\/\/guillaumeretif.bzh\/wp-content\/uploads\/2025\/02\/Maison-Lannilis-La-Petite-Roche-7-565x1024.jpg\" class=\"attachment-large size-large wp-image-1956\" alt=\"Maison Lannilis La Petite Roche 7 Conception G R\u00e9tif\" srcset=\"https:\/\/guillaumeretif.bzh\/wp-content\/uploads\/2025\/02\/Maison-Lannilis-La-Petite-Roche-7-565x1024.jpg 565w, https:\/\/guillaumeretif.bzh\/wp-content\/uploads\/2025\/02\/Maison-Lannilis-La-Petite-Roche-7-166x300.jpg 166w, https:\/\/guillaumeretif.bzh\/wp-content\/uploads\/2025\/02\/Maison-Lannilis-La-Petite-Roche-7-768x1392.jpg 768w, https:\/\/guillaumeretif.bzh\/wp-content\/uploads\/2025\/02\/Maison-Lannilis-La-Petite-Roche-7-848x1536.jpg 848w, https:\/\/guillaumeretif.bzh\/wp-content\/uploads\/2025\/02\/Maison-Lannilis-La-Petite-Roche-7-1130x2048.jpg 1130w, https:\/\/guillaumeretif.bzh\/wp-content\/uploads\/2025\/02\/Maison-Lannilis-La-Petite-Roche-7-scaled.jpg 1413w\" sizes=\"(max-width: 565px) 100vw, 565px\" \/>\t\t\t\t\t\t\t\t\t\t\t\t\t\t\t<\/div>\n\t\t\t\t<\/div>\n\t\t\t\t\t<\/div>\n\t\t<\/div>\n\t\t\t\t<div class=\"elementor-column elementor-col-50 elementor-top-column elementor-element elementor-element-c76bd9c\" data-id=\"c76bd9c\" data-element_type=\"column\" data-e-type=\"column\">\n\t\t\t<div class=\"elementor-widget-wrap elementor-element-populated\">\n\t\t\t\t\t\t<div class=\"elementor-element elementor-element-f8ee056 elementor-widget elementor-widget-image\" data-id=\"f8ee056\" data-element_type=\"widget\" data-e-type=\"widget\" data-widget_type=\"image.default\">\n\t\t\t\t<div class=\"elementor-widget-container\">\n\t\t\t\t\t\t\t\t\t\t\t\t\t\t\t\t<a href=\"https:\/\/guillaumeretif.bzh\/wp-content\/uploads\/2025\/02\/Maison-Lannilis-La-Petite-Roche-3-scaled.jpg\" data-elementor-open-lightbox=\"yes\" data-elementor-lightbox-title=\"Maison Lannilis La Petite Roche 3\" data-e-action-hash=\"#elementor-action%3Aaction%3Dlightbox%26settings%3DeyJpZCI6MTk1MiwidXJsIjoiaHR0cHM6XC9cL2d1aWxsYXVtZXJldGlmLmJ6aFwvd3AtY29udGVudFwvdXBsb2Fkc1wvMjAyNVwvMDJcL01haXNvbi1MYW5uaWxpcy1MYS1QZXRpdGUtUm9jaGUtMy1zY2FsZWQuanBnIn0%3D\">\n\t\t\t\t\t\t\t<img decoding=\"async\" width=\"1024\" height=\"703\" src=\"https:\/\/guillaumeretif.bzh\/wp-content\/uploads\/2025\/02\/Maison-Lannilis-La-Petite-Roche-3-1024x703.jpg\" class=\"attachment-large size-large wp-image-1952\" alt=\"Maison Lannilis La Petite Roche 3 Conception G R\u00e9tif\" srcset=\"https:\/\/guillaumeretif.bzh\/wp-content\/uploads\/2025\/02\/Maison-Lannilis-La-Petite-Roche-3-1024x703.jpg 1024w, https:\/\/guillaumeretif.bzh\/wp-content\/uploads\/2025\/02\/Maison-Lannilis-La-Petite-Roche-3-300x206.jpg 300w, https:\/\/guillaumeretif.bzh\/wp-content\/uploads\/2025\/02\/Maison-Lannilis-La-Petite-Roche-3-768x527.jpg 768w, https:\/\/guillaumeretif.bzh\/wp-content\/uploads\/2025\/02\/Maison-Lannilis-La-Petite-Roche-3-1536x1054.jpg 1536w, https:\/\/guillaumeretif.bzh\/wp-content\/uploads\/2025\/02\/Maison-Lannilis-La-Petite-Roche-3-2048x1405.jpg 2048w\" sizes=\"(max-width: 1024px) 100vw, 1024px\" \/>\t\t\t\t\t\t\t\t<\/a>\n\t\t\t\t\t\t\t\t\t\t\t\t\t\t\t<\/div>\n\t\t\t\t<\/div>\n\t\t\t\t<div class=\"elementor-element elementor-element-e68f420 elementor-widget elementor-widget-image\" data-id=\"e68f420\" data-element_type=\"widget\" data-e-type=\"widget\" data-widget_type=\"image.default\">\n\t\t\t\t<div class=\"elementor-widget-container\">\n\t\t\t\t\t\t\t\t\t\t\t\t\t\t\t<img loading=\"lazy\" decoding=\"async\" width=\"1024\" height=\"685\" src=\"https:\/\/guillaumeretif.bzh\/wp-content\/uploads\/2025\/02\/Maison-Lannilis-La-Petite-Roche-8-1024x685.jpg\" class=\"attachment-large size-large wp-image-1957\" alt=\"Maison Lannilis La Petite Roche 8 Conception G R\u00e9tif\" srcset=\"https:\/\/guillaumeretif.bzh\/wp-content\/uploads\/2025\/02\/Maison-Lannilis-La-Petite-Roche-8-1024x685.jpg 1024w, https:\/\/guillaumeretif.bzh\/wp-content\/uploads\/2025\/02\/Maison-Lannilis-La-Petite-Roche-8-300x201.jpg 300w, https:\/\/guillaumeretif.bzh\/wp-content\/uploads\/2025\/02\/Maison-Lannilis-La-Petite-Roche-8-768x514.jpg 768w, https:\/\/guillaumeretif.bzh\/wp-content\/uploads\/2025\/02\/Maison-Lannilis-La-Petite-Roche-8-1536x1028.jpg 1536w, https:\/\/guillaumeretif.bzh\/wp-content\/uploads\/2025\/02\/Maison-Lannilis-La-Petite-Roche-8-2048x1371.jpg 2048w\" sizes=\"(max-width: 1024px) 100vw, 1024px\" \/>\t\t\t\t\t\t\t\t\t\t\t\t\t\t\t<\/div>\n\t\t\t\t<\/div>\n\t\t\t\t\t<\/div>\n\t\t<\/div>\n\t\t\t\t\t<\/div>\n\t\t<\/section>\n\t\t\t\t<section class=\"elementor-section elementor-top-section elementor-element elementor-element-40d9bf2 elementor-section-stretched elementor-section-boxed elementor-section-height-default elementor-section-height-default\" data-id=\"40d9bf2\" data-element_type=\"section\" data-e-type=\"section\" data-settings=\"{&quot;stretch_section&quot;:&quot;section-stretched&quot;}\">\n\t\t\t\t\t\t<div class=\"elementor-container elementor-column-gap-default\">\n\t\t\t\t\t<div class=\"elementor-column elementor-col-100 elementor-top-column elementor-element elementor-element-0c2321c\" data-id=\"0c2321c\" data-element_type=\"column\" data-e-type=\"column\">\n\t\t\t<div class=\"elementor-widget-wrap elementor-element-populated\">\n\t\t\t\t\t\t<div class=\"elementor-element elementor-element-be0492f elementor-widget elementor-widget-image\" data-id=\"be0492f\" data-element_type=\"widget\" data-e-type=\"widget\" data-widget_type=\"image.default\">\n\t\t\t\t<div class=\"elementor-widget-container\">\n\t\t\t\t\t\t\t\t\t\t\t\t\t\t\t<img loading=\"lazy\" decoding=\"async\" width=\"1024\" height=\"394\" src=\"https:\/\/guillaumeretif.bzh\/wp-content\/uploads\/2025\/02\/Maison-Lannilis-La-Petite-Roche-5-1024x394.jpg\" class=\"attachment-large size-large wp-image-1954\" alt=\"Maison Lannilis La Petite Roche 5 Conception G R\u00e9tif\" srcset=\"https:\/\/guillaumeretif.bzh\/wp-content\/uploads\/2025\/02\/Maison-Lannilis-La-Petite-Roche-5-1024x394.jpg 1024w, https:\/\/guillaumeretif.bzh\/wp-content\/uploads\/2025\/02\/Maison-Lannilis-La-Petite-Roche-5-300x116.jpg 300w, https:\/\/guillaumeretif.bzh\/wp-content\/uploads\/2025\/02\/Maison-Lannilis-La-Petite-Roche-5-768x296.jpg 768w, https:\/\/guillaumeretif.bzh\/wp-content\/uploads\/2025\/02\/Maison-Lannilis-La-Petite-Roche-5-1536x592.jpg 1536w, https:\/\/guillaumeretif.bzh\/wp-content\/uploads\/2025\/02\/Maison-Lannilis-La-Petite-Roche-5-2048x789.jpg 2048w\" sizes=\"(max-width: 1024px) 100vw, 1024px\" \/>\t\t\t\t\t\t\t\t\t\t\t\t\t\t\t<\/div>\n\t\t\t\t<\/div>\n\t\t\t\t\t<\/div>\n\t\t<\/div>\n\t\t\t\t\t<\/div>\n\t\t<\/section>\n\t\t\t\t<section class=\"elementor-section elementor-top-section elementor-element elementor-element-22ee2f4 elementor-section-stretched elementor-section-boxed elementor-section-height-default elementor-section-height-default\" data-id=\"22ee2f4\" data-element_type=\"section\" data-e-type=\"section\" data-settings=\"{&quot;stretch_section&quot;:&quot;section-stretched&quot;}\">\n\t\t\t\t\t\t<div class=\"elementor-container elementor-column-gap-default\">\n\t\t\t\t\t<div class=\"elementor-column elementor-col-100 elementor-top-column elementor-element elementor-element-2eeee54\" data-id=\"2eeee54\" data-element_type=\"column\" data-e-type=\"column\">\n\t\t\t<div class=\"elementor-widget-wrap elementor-element-populated\">\n\t\t\t\t\t\t<div class=\"elementor-element elementor-element-65374b4 elementor-widget elementor-widget-spacer\" data-id=\"65374b4\" data-element_type=\"widget\" data-e-type=\"widget\" data-widget_type=\"spacer.default\">\n\t\t\t\t<div class=\"elementor-widget-container\">\n\t\t\t\t\t\t\t<div class=\"elementor-spacer\">\n\t\t\t<div class=\"elementor-spacer-inner\"><\/div>\n\t\t<\/div>\n\t\t\t\t\t\t<\/div>\n\t\t\t\t<\/div>\n\t\t\t\t\t<\/div>\n\t\t<\/div>\n\t\t\t\t\t<\/div>\n\t\t<\/section>\n\t\t\t\t<section class=\"elementor-section elementor-top-section elementor-element elementor-element-b45a49c elementor-section-boxed elementor-section-height-default elementor-section-height-default\" data-id=\"b45a49c\" data-element_type=\"section\" data-e-type=\"section\">\n\t\t\t\t\t\t<div class=\"elementor-container elementor-column-gap-default\">\n\t\t\t\t\t<div class=\"elementor-column elementor-col-100 elementor-top-column elementor-element elementor-element-f994bd3\" data-id=\"f994bd3\" data-element_type=\"column\" data-e-type=\"column\">\n\t\t\t<div class=\"elementor-widget-wrap\">\n\t\t\t\t\t\t\t<\/div>\n\t\t<\/div>\n\t\t\t\t\t<\/div>\n\t\t<\/section>\n\t\t\t\t<section class=\"elementor-section elementor-top-section elementor-element elementor-element-964285d elementor-section-boxed elementor-section-height-default elementor-section-height-default\" data-id=\"964285d\" data-element_type=\"section\" data-e-type=\"section\">\n\t\t\t\t\t\t<div class=\"elementor-container elementor-column-gap-default\">\n\t\t\t\t\t<div class=\"elementor-column elementor-col-33 elementor-top-column elementor-element elementor-element-7f6d041\" data-id=\"7f6d041\" data-element_type=\"column\" data-e-type=\"column\">\n\t\t\t<div class=\"elementor-widget-wrap elementor-element-populated\">\n\t\t\t\t\t\t<div class=\"elementor-element elementor-element-ffe4caa elementor-widget elementor-widget-image\" data-id=\"ffe4caa\" data-element_type=\"widget\" data-e-type=\"widget\" data-widget_type=\"image.default\">\n\t\t\t\t<div class=\"elementor-widget-container\">\n\t\t\t\t\t\t\t\t\t\t\t\t\t\t\t<img loading=\"lazy\" decoding=\"async\" width=\"1024\" height=\"701\" src=\"https:\/\/guillaumeretif.bzh\/wp-content\/uploads\/2020\/03\/logosguiFINALr\u00e9duit-1-1024x701.jpg\" class=\"attachment-large size-large wp-image-21\" alt=\"Logo Guillaume R\u00e9tif 4\" srcset=\"https:\/\/guillaumeretif.bzh\/wp-content\/uploads\/2020\/03\/logosguiFINALr\u00e9duit-1-1024x701.jpg 1024w, https:\/\/guillaumeretif.bzh\/wp-content\/uploads\/2020\/03\/logosguiFINALr\u00e9duit-1-300x205.jpg 300w, https:\/\/guillaumeretif.bzh\/wp-content\/uploads\/2020\/03\/logosguiFINALr\u00e9duit-1-768x526.jpg 768w, https:\/\/guillaumeretif.bzh\/wp-content\/uploads\/2020\/03\/logosguiFINALr\u00e9duit-1-800x548.jpg 800w, https:\/\/guillaumeretif.bzh\/wp-content\/uploads\/2020\/03\/logosguiFINALr\u00e9duit-1-263x180.jpg 263w, https:\/\/guillaumeretif.bzh\/wp-content\/uploads\/2020\/03\/logosguiFINALr\u00e9duit-1-e1584956717238.jpg 200w\" sizes=\"(max-width: 1024px) 100vw, 1024px\" \/>\t\t\t\t\t\t\t\t\t\t\t\t\t\t\t<\/div>\n\t\t\t\t<\/div>\n\t\t\t\t\t<\/div>\n\t\t<\/div>\n\t\t\t\t<div class=\"elementor-column elementor-col-66 elementor-top-column elementor-element elementor-element-72f5f56\" data-id=\"72f5f56\" data-element_type=\"column\" data-e-type=\"column\">\n\t\t\t<div class=\"elementor-widget-wrap elementor-element-populated\">\n\t\t\t\t\t\t<div class=\"elementor-element elementor-element-3d05d10 elementor-widget elementor-widget-text-editor\" data-id=\"3d05d10\" data-element_type=\"widget\" data-e-type=\"widget\" data-widget_type=\"text-editor.default\">\n\t\t\t\t<div class=\"elementor-widget-container\">\n\t\t\t\t\t\t\t\t\t<p>Conception et Plans : Guillaume R\u00c9TIF<\/p><p>Construction : <a href=\"http:\/\/www.acacia-bois.fr\/\" target=\"_blank\" rel=\"noopener\">SCOP L&rsquo;ACACIA, Land\u00e9da<\/a><\/p>\t\t\t\t\t\t\t\t<\/div>\n\t\t\t\t<\/div>\n\t\t\t\t\t<\/div>\n\t\t<\/div>\n\t\t\t\t\t<\/div>\n\t\t<\/section>\n\t\t\t\t<section class=\"elementor-section elementor-top-section elementor-element elementor-element-836a03d elementor-section-stretched elementor-section-boxed elementor-section-height-default elementor-section-height-default\" data-id=\"836a03d\" data-element_type=\"section\" data-e-type=\"section\" data-settings=\"{&quot;stretch_section&quot;:&quot;section-stretched&quot;}\">\n\t\t\t\t\t\t<div class=\"elementor-container elementor-column-gap-default\">\n\t\t\t\t\t<div class=\"elementor-column elementor-col-100 elementor-top-column elementor-element elementor-element-83fe022\" data-id=\"83fe022\" data-element_type=\"column\" data-e-type=\"column\">\n\t\t\t<div class=\"elementor-widget-wrap elementor-element-populated\">\n\t\t\t\t\t\t<div class=\"elementor-element elementor-element-6e6a254 elementor-widget-divider--view-line elementor-widget elementor-widget-divider\" data-id=\"6e6a254\" data-element_type=\"widget\" data-e-type=\"widget\" data-widget_type=\"divider.default\">\n\t\t\t\t<div class=\"elementor-widget-container\">\n\t\t\t\t\t\t\t<div class=\"elementor-divider\">\n\t\t\t<span class=\"elementor-divider-separator\">\n\t\t\t\t\t\t<\/span>\n\t\t<\/div>\n\t\t\t\t\t\t<\/div>\n\t\t\t\t<\/div>\n\t\t\t\t\t<\/div>\n\t\t<\/div>\n\t\t\t\t\t<\/div>\n\t\t<\/section>\n\t\t\t\t<section class=\"elementor-section elementor-top-section elementor-element elementor-element-237a28d elementor-section-stretched elementor-section-boxed elementor-section-height-default elementor-section-height-default\" data-id=\"237a28d\" data-element_type=\"section\" data-e-type=\"section\" data-settings=\"{&quot;stretch_section&quot;:&quot;section-stretched&quot;}\">\n\t\t\t\t\t\t<div class=\"elementor-container elementor-column-gap-default\">\n\t\t\t\t\t<div class=\"elementor-column elementor-col-100 elementor-top-column elementor-element elementor-element-35131e0\" data-id=\"35131e0\" data-element_type=\"column\" data-e-type=\"column\">\n\t\t\t<div class=\"elementor-widget-wrap elementor-element-populated\">\n\t\t\t\t\t\t<div class=\"elementor-element elementor-element-d22a9c9 elementor-widget elementor-widget-spacer\" data-id=\"d22a9c9\" data-element_type=\"widget\" data-e-type=\"widget\" data-widget_type=\"spacer.default\">\n\t\t\t\t<div class=\"elementor-widget-container\">\n\t\t\t\t\t\t\t<div class=\"elementor-spacer\">\n\t\t\t<div class=\"elementor-spacer-inner\"><\/div>\n\t\t<\/div>\n\t\t\t\t\t\t<\/div>\n\t\t\t\t<\/div>\n\t\t\t\t\t<\/div>\n\t\t<\/div>\n\t\t\t\t\t<\/div>\n\t\t<\/section>\n\t\t\t\t<section class=\"elementor-section elementor-top-section elementor-element elementor-element-fa7daa2 elementor-section-boxed elementor-section-height-default elementor-section-height-default\" data-id=\"fa7daa2\" data-element_type=\"section\" data-e-type=\"section\">\n\t\t\t\t\t\t<div class=\"elementor-container elementor-column-gap-default\">\n\t\t\t\t\t<div class=\"elementor-column elementor-col-50 elementor-top-column elementor-element elementor-element-4302c05\" data-id=\"4302c05\" data-element_type=\"column\" data-e-type=\"column\">\n\t\t\t<div class=\"elementor-widget-wrap elementor-element-populated\">\n\t\t\t\t\t\t<div class=\"elementor-element elementor-element-353bfed elementor-align-center elementor-widget elementor-widget-button\" data-id=\"353bfed\" data-element_type=\"widget\" data-e-type=\"widget\" data-widget_type=\"button.default\">\n\t\t\t\t<div class=\"elementor-widget-container\">\n\t\t\t\t\t\t\t\t\t<div class=\"elementor-button-wrapper\">\n\t\t\t\t\t<a class=\"elementor-button elementor-button-link elementor-size-md\" href=\"https:\/\/guillaumeretif.bzh\/index.php\/realisations\/\">\n\t\t\t\t\t\t<span class=\"elementor-button-content-wrapper\">\n\t\t\t\t\t\t<span class=\"elementor-button-icon\">\n\t\t\t\t<i aria-hidden=\"true\" class=\"fas fa-photo-video\"><\/i>\t\t\t<\/span>\n\t\t\t\t\t\t\t\t\t<span class=\"elementor-button-text\">Autres r\u00e9alisations<\/span>\n\t\t\t\t\t<\/span>\n\t\t\t\t\t<\/a>\n\t\t\t\t<\/div>\n\t\t\t\t\t\t\t\t<\/div>\n\t\t\t\t<\/div>\n\t\t\t\t\t<\/div>\n\t\t<\/div>\n\t\t\t\t<div class=\"elementor-column elementor-col-50 elementor-top-column elementor-element elementor-element-e01d9f4\" data-id=\"e01d9f4\" data-element_type=\"column\" data-e-type=\"column\">\n\t\t\t<div class=\"elementor-widget-wrap elementor-element-populated\">\n\t\t\t\t\t\t<div class=\"elementor-element elementor-element-7e4d540 elementor-align-center elementor-widget elementor-widget-button\" data-id=\"7e4d540\" data-element_type=\"widget\" data-e-type=\"widget\" data-widget_type=\"button.default\">\n\t\t\t\t<div class=\"elementor-widget-container\">\n\t\t\t\t\t\t\t\t\t<div class=\"elementor-button-wrapper\">\n\t\t\t\t\t<a class=\"elementor-button elementor-button-link elementor-size-md\" href=\"https:\/\/guillaumeretif.bzh\/index.php\/maisons\/\">\n\t\t\t\t\t\t<span class=\"elementor-button-content-wrapper\">\n\t\t\t\t\t\t<span class=\"elementor-button-icon\">\n\t\t\t\t<i aria-hidden=\"true\" class=\"fas fa-photo-video\"><\/i>\t\t\t<\/span>\n\t\t\t\t\t\t\t\t\t<span class=\"elementor-button-text\">Autres Maisons <\/span>\n\t\t\t\t\t<\/span>\n\t\t\t\t\t<\/a>\n\t\t\t\t<\/div>\n\t\t\t\t\t\t\t\t<\/div>\n\t\t\t\t<\/div>\n\t\t\t\t\t<\/div>\n\t\t<\/div>\n\t\t\t\t\t<\/div>\n\t\t<\/section>\n\t\t\t\t<\/div>\n\t\t","protected":false},"excerpt":{"rendered":"<p>Conception et Plans : Guillaume R\u00c9TIF Construction : SCOP L&rsquo;ACACIA, Land\u00e9da Autres r\u00e9alisations Autres Maisons<\/p>\n","protected":false},"author":1,"featured_media":0,"parent":0,"menu_order":0,"comment_status":"closed","ping_status":"closed","template":"","meta":{"_seopress_robots_primary_cat":"","_seopress_titles_title":"","_seopress_titles_desc":"","_seopress_robots_index":"","footnotes":""},"class_list":["post-1945","page","type-page","status-publish","hentry","excerpt","zoom","full-without-featured","even","excerpt-0"],"jetpack_sharing_enabled":true,"_links":{"self":[{"href":"https:\/\/guillaumeretif.bzh\/index.php\/wp-json\/wp\/v2\/pages\/1945"}],"collection":[{"href":"https:\/\/guillaumeretif.bzh\/index.php\/wp-json\/wp\/v2\/pages"}],"about":[{"href":"https:\/\/guillaumeretif.bzh\/index.php\/wp-json\/wp\/v2\/types\/page"}],"author":[{"embeddable":true,"href":"https:\/\/guillaumeretif.bzh\/index.php\/wp-json\/wp\/v2\/users\/1"}],"replies":[{"embeddable":true,"href":"https:\/\/guillaumeretif.bzh\/index.php\/wp-json\/wp\/v2\/comments?post=1945"}],"version-history":[{"count":16,"href":"https:\/\/guillaumeretif.bzh\/index.php\/wp-json\/wp\/v2\/pages\/1945\/revisions"}],"predecessor-version":[{"id":1973,"href":"https:\/\/guillaumeretif.bzh\/index.php\/wp-json\/wp\/v2\/pages\/1945\/revisions\/1973"}],"wp:attachment":[{"href":"https:\/\/guillaumeretif.bzh\/index.php\/wp-json\/wp\/v2\/media?parent=1945"}],"curies":[{"name":"wp","href":"https:\/\/api.w.org\/{rel}","templated":true}]}}